{"id":2,"date":"2015-02-09T11:19:50","date_gmt":"2015-02-09T11:19:50","guid":{"rendered":"http:\/\/www.passformstudio.de\/blog\/?page_id=2"},"modified":"2015-02-11T17:56:18","modified_gmt":"2015-02-11T16:56:18","slug":"beispiel-seite","status":"publish","type":"page","link":"https:\/\/passformstudio.de\/blog\/","title":{"rendered":"Willkommen im Passformstudio"},"content":{"rendered":"<p>Hier in meinem kleinen Studio werden BH-Mythen aufgel\u00f6st, Passformprobleme gel\u00f6st, K\u00f6rperideale neu definiert und vor allem wird hier mit pers\u00f6nlicher Beratung jeder Kundin das gegeben was Sie ben\u00f6tigt.<br \/>\nIch m\u00f6chte dass sich meine Kundschaft wohl f\u00fchlt und mit Selbstbewusstsein aus dem Laden geht nach einer Beratung.\u00a0 Hier gibt es keine Vorurteile, die Vielfalt unserer Pers\u00f6nlichkeiten und K\u00f6rperformen wird hier zelebriert und nicht stigmatisiert\u00a0&#8211; denn jede Frau ist sch\u00f6n und hat es verdient sich auch genauso zu f\u00fchlen.<\/p>\n<p>Das Blog ist entstanden weil ich Stammkunden und zuk\u00fcnftigen Kunden gerne immer mal wieder mit Infos, News und Wissenswertem &#8222;versorgen&#8220; m\u00f6chte.\u00a0 Es gibt sooooo viel zu berrichten und hier k\u00f6nnt Ihr regelm\u00e4ssig nachlesen was so im Studio oder auch in meinem Kopf so vorgeht.<\/p>\n<p>Absolut gerne nehme ich auch Vorschl\u00e4ge an f\u00fcr interessante Themen die euch aus der Welt der Unterw\u00e4sche reizen oder interessieren! Ich bin selber ganz gespannt wie sich das hier so entwickeln wird!<\/p>\n<p>Vielen dank f\u00fcr eure Zeit die Ihr euch nehmt um meine Worte zu lesen<br \/>\nNatalie<\/p>\n","protected":false},"excerpt":{"rendered":"<p>Hier in meinem kleinen Studio werden BH-Mythen aufgel\u00f6st, Passformprobleme gel\u00f6st, K\u00f6rperideale neu definiert und vor allem wird hier mit pers\u00f6nlicher Beratung jeder Kundin das gegeben was Sie ben\u00f6tigt. Ich m\u00f6chte dass sich meine Kundschaft wohl f\u00fchlt und mit Selbstbewusstsein aus dem Laden geht nach einer Beratung.\u00a0 Hier gibt es keine Vorurteile, die Vielfalt unserer Pers\u00f6nlichkeiten &hellip; <a href=\"https:\/\/passformstudio.de\/blog\/\" class=\"more-link\"><span class=\"screen-reader-text\">Willkommen im Passformstudio<\/span> weiterlesen <span class=\"meta-nav\">&rarr;<\/span><\/a><\/p>\n","protected":false},"author":2,"featured_media":11,"parent":0,"menu_order":0,"comment_status":"closed","ping_status":"open","template":"","meta":{"footnotes":""},"class_list":["post-2","page","type-page","status-publish","has-post-thumbnail","hentry"],"_links":{"self":[{"href":"https:\/\/passformstudio.de\/blog\/wp-json\/wp\/v2\/pages\/2","targetHints":{"allow":["GET"]}}],"collection":[{"href":"https:\/\/passformstudio.de\/blog\/wp-json\/wp\/v2\/pages"}],"about":[{"href":"https:\/\/passformstudio.de\/blog\/wp-json\/wp\/v2\/types\/page"}],"author":[{"embeddable":true,"href":"https:\/\/passformstudio.de\/blog\/wp-json\/wp\/v2\/users\/2"}],"replies":[{"embeddable":true,"href":"https:\/\/passformstudio.de\/blog\/wp-json\/wp\/v2\/comments?post=2"}],"version-history":[{"count":6,"href":"https:\/\/passformstudio.de\/blog\/wp-json\/wp\/v2\/pages\/2\/revisions"}],"predecessor-version":[{"id":50,"href":"https:\/\/passformstudio.de\/blog\/wp-json\/wp\/v2\/pages\/2\/revisions\/50"}],"wp:featuredmedia":[{"embeddable":true,"href":"https:\/\/passformstudio.de\/blog\/wp-json\/wp\/v2\/media\/11"}],"wp:attachment":[{"href":"https:\/\/passformstudio.de\/blog\/wp-json\/wp\/v2\/media?parent=2"}],"curies":[{"name":"wp","href":"https:\/\/api.w.org\/{rel}","templated":true}]}}